{"id":310,"date":"2022-05-06T09:32:49","date_gmt":"2022-05-06T07:32:49","guid":{"rendered":"https:\/\/dogtoys-info.com\/codigo-de-bono-de-nine-casino-2022-e-informacion-promocional\/"},"modified":"2022-09-30T10:41:36","modified_gmt":"2022-09-30T08:41:36","slug":"codigo-de-bono-de-nine-casino-e-informacion-promocional","status":"publish","type":"page","link":"https:\/\/dogtoys-info.com\/es\/codigo-de-bono-de-nine-casino-e-informacion-promocional\/","title":{"rendered":"C\u00f3digo de bono de Nine Casino 2022 e informaci\u00f3n promocional"},"content":{"rendered":"\n<h2>Beneficios del programa de bonificaci\u00f3n<\/h2>\n\n<div class=\"wp-block-image\"><figure class=\"aligncenter size-full\"><img loading=\"lazy\" width=\"914\" height=\"384\" src=\"https:\/\/dogtoys-info.com\/wp-content\/uploads\/2022\/05\/nine-casino-bonusprogramm.png\" alt=\"c&#xF3;digo de bono sin dep&#xF3;sito de nueve casinos\" class=\"wp-image-102\" srcset=\"https:\/\/dogtoys-info.com\/wp-content\/uploads\/2022\/05\/nine-casino-bonusprogramm.png 914w, https:\/\/dogtoys-info.com\/wp-content\/uploads\/2022\/05\/nine-casino-bonusprogramm-300x126.png 300w, https:\/\/dogtoys-info.com\/wp-content\/uploads\/2022\/05\/nine-casino-bonusprogramm-768x323.png 768w\" sizes=\"(max-width: 914px) 100vw, 914px\" \/><figcaption>Tres primeros dep\u00f3sitos y c\u00f3digo de promoci\u00f3n<\/figcaption><\/figure><\/div>\n\n<p>Sin embargo, la rica oferta de bonos de Nine Casino y otros casinos deja a muchos jugadores pregunt\u00e1ndose cu\u00e1l de las numerosas ventajas elegir. Los mejores bonos de casino generalmente se pueden encontrar investigando cuidadosamente qu\u00e9 ofrecen los diferentes lugares de juego y, por supuesto, considerando lo que quiere obtener de Casino Bonuses Nine Casinos. El casino se esfuerza por hacer que su programa de bonificaci\u00f3n sea lo m\u00e1s simple posible y, en particular, las bonificaciones de bienvenida se muestran de forma destacada en todos los casinos.<\/p>\n\n<p>Hay muchas cosas a tener en cuenta al buscar el mejor bono, como: B. si est\u00e1 buscando un bono particularmente grande, si necesita un formulario de bono espec\u00edfico (por ejemplo, giros gratis o c\u00f3digo de bono de Nine Casino sin dep\u00f3sito) y qu\u00e9 t\u00e9rminos y condiciones de bono est\u00e1 dispuesto a seguir. Los mejores bonos de casino no siempre son los m\u00e1s grandes del mercado, pero para algunos jugadores son la elecci\u00f3n correcta porque tienen los mejores t\u00e9rminos simples como Nine Casino, por ejemplo. En particular, es recomendable echar un vistazo a los t\u00e9rminos del contrato antes de canjear el bono para que no se sorprenda con los requisitos de canje, los l\u00edmites m\u00e1ximos de ganancias u otras condiciones desagradables.<\/p>\n\n<p>Si la idea de todos los bonos de casino no se ha abierto correctamente o a\u00fan no ha encontrado su forma de bono favorita, le recomendamos Nine Casino Bonus. Hemos recopilado toda la informaci\u00f3n esencial sobre el bono de NineCasino y esta p\u00e1gina y este art\u00edculo tambi\u00e9n le brindan una idea del mundo de los bonos y otras condiciones de bonificaci\u00f3n en Nine Casino. \u00bfEst\u00e1s buscando el mejor casino? \u00a1Lo sabemos y hemos hecho todo lo posible para ayudarlo a encontrar los mejores bonos garantizados de dep\u00f3sito de Nine Casino (para dep\u00f3sito)! Con el bono sin dep\u00f3sito de Nine Casino, los clientes pueden probar muchas cosas gratis.<\/p>\n\n<p>Nine Casino es operado por Duxgroup nv y tiene una Licencia de Juego y todos los Bonos, Ofertas de Casino, Giros Gratis vienen con T\u00e9rminos y Condiciones. En oferta encontrar\u00e1 proveedores como Microgaming, NetEnt, Play&#8217;n go o Big Time Gaming. Los juegos est\u00e1n disponibles despu\u00e9s de registrarse, dando su direcci\u00f3n de correo electr\u00f3nico y su nombre.<\/p>\n\n<h2>Bono de bienvenida 450 euros + 250 giros gratis y c\u00f3digo de bono de Nine Casino<\/h2>\n\n<div class=\"wp-block-image\"><figure class=\"aligncenter size-full\"><img loading=\"lazy\" width=\"632\" height=\"361\" src=\"https:\/\/dogtoys-info.com\/wp-content\/uploads\/2022\/05\/nine-casino-no-deposit-bonus-1.png\" alt=\"C&#xF3;digo de bonificaci&#xF3;n de Nine Casino, giros gratis y otras promociones en juegos de casino\" class=\"wp-image-103\" srcset=\"https:\/\/dogtoys-info.com\/wp-content\/uploads\/2022\/05\/nine-casino-no-deposit-bonus-1.png 632w, https:\/\/dogtoys-info.com\/wp-content\/uploads\/2022\/05\/nine-casino-no-deposit-bonus-1-300x171.png 300w\" sizes=\"(max-width: 632px) 100vw, 632px\" \/><figcaption>Nine Casino Bonus, Free Spins y otras promociones en Casino Games<\/figcaption><\/figure><\/div>\n\n<p>La oferta de bienvenida en <a href=\"https:\/\/dogtoys-info.com\/es\/\">Nine Casino<\/a> es un gran beneficio particular para los clientes, ya que revela obsequios generosos para los reci\u00e9n registrados. Aunque algunos casinos ofrecen bonos sin dep\u00f3sito, la mayor\u00eda de las veces estos no son lucrativos y puede ser inmediatamente elegible para la primera parte del bono de este paquete en Nine cuando registra su cuenta en el casino en l\u00ednea y realiza su primer dep\u00f3sito. \u00a1Obtienes 450 euros y 250 giros gratis por los 3 dep\u00f3sitos! No se requiere el c\u00f3digo de promoci\u00f3n de NineCasino. El monto del bono corresponde a sus dep\u00f3sitos. Sin embargo, adem\u00e1s de este bono, hay FreeSpins gratis, como dije 250, solo los obtienes con el primer dep\u00f3sito. Estos giros solo se pueden usar en ciertos juegos en Nine Casino.<\/p>\n\n<p><strong><em>Paquete de bonificaci\u00f3n de bienvenida de Nine Casino Promo detallado de un vistazo:<\/em><\/strong><\/p>\n\n<p><strong>El primer dep\u00f3sito<\/strong> da hasta 150 euros y sin dep\u00f3sito 250 giros gratis para Nine Casino Top Slots &#8211; Johnny Cash Aztec Magic Aztec Magic Deluxe Platinum Lightning Platinum Lightning Delux de BGaming. No se requiere el c\u00f3digo de promoci\u00f3n de NineCasino.<\/p>\n\n<p>Este es un bono de dep\u00f3sito del 100% para usuarios registrados recientemente y no un bono sin dep\u00f3sito de Nine Casino. Obtiene giros gratis durante 5 d\u00edas y 50 de ellos todos los d\u00edas. Tambi\u00e9n puedes ganar con giros gratis.<\/p>\n\n<p><strong>El segundo dep\u00f3sito<\/strong> te da un bono del 55% hasta 150\u20ac. No se requiere c\u00f3digo de promoci\u00f3n de NineCasino.<\/p>\n\n<p><strong>Para el tercer dep\u00f3sito<\/strong> , Nine otorga un bono del 100% hasta 150 euros. No se requiere c\u00f3digo de promoci\u00f3n de NineCasino.<\/p>\n\n<p>Hay un l\u00edmite para las apuestas que puede realizar con un bono activo en Nine Casino y es de 5 \u20ac. Tal requisito hace que el abuso de la bonificaci\u00f3n sea menos com\u00fan. Cada bono de casino tiene t\u00e9rminos y condiciones de bono que definitivamente deber\u00edas leer. Siempre hay una cantidad m\u00ednima, en NineCasino son 20 \u20ac que puedes depositar para obtener el bono de primer dep\u00f3sito. Tan pronto como apueste el bono en las tragamonedas, tambi\u00e9n puede beneficiarse de una oferta de bono y hacer un retiro. El bono de bienvenida no se puede apostar en los juegos de mesa.<\/p>\n\n<p>Los t\u00e9rminos y condiciones, las condiciones de bonificaci\u00f3n siguen siendo los mismos. El segundo y tercer dep\u00f3sito que realiza en Nine Casino nuevamente coinciden completamente con el dep\u00f3sito que realiza. 2do y El tercer pago tampoco trae giros gratis adicionales que se pueden usar en la tragamonedas espec\u00edfica. <\/p>\n\n<h2><strong><em>Nueve giros gratis de Casino y c\u00f3digo de bonificaci\u00f3n exclusivo <\/em><\/strong><\/h2>\n\n<p>\u00a1Tenemos un c\u00f3digo de bono exclusivo para juegos en Nine Casino para que obtengas un bono mayor! \u00a1Puedes hacer que el bono de bienvenida sea m\u00e1s grande con \u00e9l! <\/p>\n\n<p>\u00a1Con nuestro exclusivo c\u00f3digo promocional de NineCasino 2022 <strong>PLAYFORJOY<\/strong> obtienes el 10 % del bono total M\u00c1S! Escriba este c\u00f3digo de bonificaci\u00f3n en el sitio web oficial con su 1\u00ba y 2do dep\u00f3sito y obtenga un bono del 10% del partido. El bono solo es v\u00e1lido si realiza un dep\u00f3sito m\u00ednimo.<\/p>\n\n<p>El c\u00f3digo de promoci\u00f3n del casino no le otorga un bono sin dep\u00f3sito de Nine Casino, todos los bonos que encontrar\u00e1 en los sitios asociados de casino en l\u00ednea son opciones de bonos de dep\u00f3sito. Todos los t\u00e9rminos y condiciones siguen siendo los mismos que con el bono de bienvenida y usted juega con giros gratis en las mismas m\u00e1quinas tragamonedas y juegos de mesa, pero no en el casino en vivo. Los jugadores que se ofrecen en el sitio web pueden encontrar la lista de juegos en los que no se permiten giros gratis.<\/p>\n\n<p>Este bono es solo de dep\u00f3sito y tiene un requisito de apuesta de 40x.<\/p>\n\n<h2>Promociones para clientes habituales.<\/h2>\n\n<div class=\"wp-block-image\"><figure class=\"aligncenter size-full\"><img loading=\"lazy\" width=\"635\" height=\"290\" src=\"https:\/\/dogtoys-info.com\/wp-content\/uploads\/2022\/05\/ninecasino-bonus.png\" alt=\"C&#xF3;digo de bono sin dep&#xF3;sito de Nine Casino\" class=\"wp-image-104\" srcset=\"https:\/\/dogtoys-info.com\/wp-content\/uploads\/2022\/05\/ninecasino-bonus.png 635w, https:\/\/dogtoys-info.com\/wp-content\/uploads\/2022\/05\/ninecasino-bonus-300x137.png 300w\" sizes=\"(max-width: 635px) 100vw, 635px\" \/><figcaption>C\u00f3digo de bono sin dep\u00f3sito de Nine Casino y otras promociones<\/figcaption><\/figure><\/div>\n\n<p>Una vez que su paquete de bienvenida haya caducado, puede aprovechar las promociones regulares de bonificaci\u00f3n para clientes que se realizan diariamente y semanalmente en NineCasino. Uno de ellos es el <strong>cashback<\/strong> todos los d\u00edas, que te da parte del dinero perdido como devoluci\u00f3n. El bono de reembolso tiene t\u00e9rminos y condiciones de bono que puedes leer en el sitio web de Nine.<\/p>\n\n<p><strong>La recarga de fin<\/strong> de semana es otra gran oferta de bonificaci\u00f3n de Nine Casino que hace que cada fin de semana sea m\u00e1s emocionante. Puede obtener el bono si realiz\u00f3 un nuevo dep\u00f3sito de al menos 20 euros el s\u00e1bado y el domingo, luego obtiene hasta 150 euros. Para los grandes apostadores, Nine Casino tiene un regalo especial. Si deposita una gran cantidad en la cuenta del jugador, puede obtener un bono del 40%.<\/p>\n\n<p>Si los clientes habituales est\u00e1n buscando un c\u00f3digo de bonificaci\u00f3n sin dep\u00f3sito de NineCasino y otros c\u00f3digos para giros gratis, pueden buscarlos en los sitios asociados del casino. Sin embargo, el bono sin dep\u00f3sito es una promoci\u00f3n rara.<\/p>\n\n<p><br\/><strong>Tambi\u00e9n hay torneos. Gotas y victorias<\/strong> &#8211; Las promociones est\u00e1n disponibles para tragamonedas y para la secci\u00f3n de casino en vivo. Hay una promoci\u00f3n semanal especial que se actualizar\u00e1 cada semana. Comienza el jueves a las 00:01 UTC y finaliza el mi\u00e9rcoles a las 23:59 UTC. Hay una apuesta m\u00ednima que debe realizar en el torneo para poder participar y, por lo general, 40 invitados afortunados obtienen bonos al final de este per\u00edodo. Los giros gratis que obtienes aqu\u00ed se pueden usar en la popular tragamonedas Wolf Gold.<\/p>\n\n<h3>\u00a1Bono de reembolso de hasta el 20%!<\/h3>\n\n<div class=\"wp-block-image\"><figure class=\"aligncenter size-full\"><img loading=\"lazy\" width=\"457\" height=\"320\" src=\"https:\/\/dogtoys-info.com\/wp-content\/uploads\/2022\/05\/nine-casino-seite-1.png\" alt=\"Nueve Casino otras promociones\" class=\"wp-image-105\" srcset=\"https:\/\/dogtoys-info.com\/wp-content\/uploads\/2022\/05\/nine-casino-seite-1.png 457w, https:\/\/dogtoys-info.com\/wp-content\/uploads\/2022\/05\/nine-casino-seite-1-300x210.png 300w\" sizes=\"(max-width: 457px) 100vw, 457px\" \/><figcaption>C\u00f3digo de bono sin dep\u00f3sito de Nine Casino y otras promociones<\/figcaption><\/figure><\/div>\n\n<p>La palabra \u00abcashback\u00bb est\u00e1 en todas partes y en las m\u00e1s diversas \u00e1reas del comercio. Los bancos, las tiendas y las plataformas de Internet ofrecen n\u00fameros tentadores, a veces hasta varias decenas de puntos porcentuales, en la cuenta del cliente. Cashback (ingl\u00e9s \u00abCashback\u00bb) es una palabra compuesta de dos palabras en ingl\u00e9s: \u00abCash\u00bb en alem\u00e1n significa \u00abcash\u00bb (efectivo), \u00abback\u00bb significa \u00abback\u00bb, m\u00e1s precisamente &#8211; \u00abDas Geldback\u00bb. Este es un reembolso del dinero que gastaste. Dicha promoci\u00f3n ya es muy com\u00fan en los casinos en l\u00ednea, y tambi\u00e9n existe una promoci\u00f3n de este tipo en NineCasino Bonus.<\/p>\n\n<p>Los reembolsos se otorgan a los visitantes de NineCasino todos los d\u00edas. Si pierde dinero hoy, ma\u00f1ana obtendr\u00e1 un reembolso garantizado, la cantidad depende de usted y de su juego activo. Cuidado: el reembolso solo est\u00e1 disponible cuando se juega en m\u00e1quinas tragamonedas.<\/p>\n\n<p><em>\u00bfCu\u00e1nto puedes conseguir?<\/em><\/p>\n\n<div class=\"wp-block-image\"><figure class=\"aligncenter size-large\"><img loading=\"lazy\" width=\"1024\" height=\"339\" src=\"https:\/\/dogtoys-info.com\/wp-content\/uploads\/2022\/05\/nine-casino-cashback-2-1024x339.png\" alt=\"devoluci&#xF3;n de dinero\" class=\"wp-image-107\" srcset=\"https:\/\/dogtoys-info.com\/wp-content\/uploads\/2022\/05\/nine-casino-cashback-2-1024x339.png 1024w, https:\/\/dogtoys-info.com\/wp-content\/uploads\/2022\/05\/nine-casino-cashback-2-300x99.png 300w, https:\/\/dogtoys-info.com\/wp-content\/uploads\/2022\/05\/nine-casino-cashback-2-768x255.png 768w, https:\/\/dogtoys-info.com\/wp-content\/uploads\/2022\/05\/nine-casino-cashback-2.png 1264w\" sizes=\"(max-width: 1024px) 100vw, 1024px\" \/><figcaption>Nueve Casino &#8211; Nueve Casino<\/figcaption><\/figure><\/div>\n\n<p><strong>10% cashback<\/strong> 20 euros hasta 199 euros<\/p>\n\n<p><strong>12% :<\/strong> Si perdiste 200 euros hasta 499 euros<\/p>\n\n<p><strong>14% :<\/strong> 500 euros hasta 999 euros<\/p>\n\n<p><strong>16% :<\/strong> 1.000 euros hasta 2.499 euros<\/p>\n\n<p><strong>18% :<\/strong> 2.500 euros hasta 4.999 euros<\/p>\n\n<p><strong>20% :<\/strong> 5.000 euros +<\/p>\n\n<p>Si pierdes menos de 20 euros en el juego hoy, no obtendr\u00e1s un reembolso por d\u00eda.<\/p>\n\n<h3>Nueve rese\u00f1as de bonos de casino: \u00bfhay un programa VIP?<\/h3>\n\n<p>Si est\u00e1 jugando activamente y espera recibir m\u00e1s promociones y promociones, comun\u00edquese con el Servicio de atenci\u00f3n al cliente de Nine Casino y pregunte si puede unirse al Club VIP. No es una oportunidad f\u00e1cil, pero los jugadores activos pueden disfrutar m\u00e1s en NineCasino: devoluci\u00f3n de dinero alta, l\u00edmites de retiro altos, m\u00e1s giros gratis y bonificaciones regulares. Los bonos sin un c\u00f3digo de bono de Nine Casino tambi\u00e9n funcionan aqu\u00ed, pero debe hacer su propia investigaci\u00f3n para ver si puede reclamar un bono ahora mismo.<\/p>\n\n<h3>Recarga de fin de semana para clientes existentes<\/h3>\n\n<p>Deposite con m\u00e1s, gane m\u00e1s. \u00a1Deposita al menos 20 \u20ac y obt\u00e9n un bono <strong>del 40 % hasta 150 \u20ac el fin de semana!<\/strong><\/p>\n\n<p>Para obtener la recarga semanal sin el c\u00f3digo de promoci\u00f3n de Nine Casino, su dep\u00f3sito debe ser de al menos 20 EUR.<\/p>\n\n<p>La bonificaci\u00f3n m\u00e1xima durante el fin de semana es de 150 EUR de cr\u00e9dito de bonificaci\u00f3n. Este bono debe apostarse 40 veces antes de que sea posible un retiro.<\/p>\n\n<p>El bono est\u00e1 disponible una vez los viernes, s\u00e1bados o domingos para los jugadores que ya hayan utilizado todos los bonos del Paquete de Bienvenida.<\/p>\n\n<p>Weekend Reload tambi\u00e9n est\u00e1 disponible sin un c\u00f3digo de bono de Nine Casino.<\/p>\n\n<h2>\u00a1Bono High Roller de hasta 500 euros!<\/h2>\n\n<p>\u00a1La bonificaci\u00f3n para grandes apostadores es una bonificaci\u00f3n del 40 % hasta 500 \u20ac! Para recibir el bono High Roller, su dep\u00f3sito debe ser de al menos 300 EUR.<\/p>\n\n<p>La cantidad m\u00e1xima de bonificaci\u00f3n para grandes apostadores es de 500 EUR.<\/p>\n\n<p>El bono Highroller debe apostarse 40 veces y el bono est\u00e1 disponible cada 30 d\u00edas para los jugadores que ya hayan utilizado todas las promociones del paquete de bienvenida.<\/p>\n\n<h2>Juego m\u00f3vil y bono sin dep\u00f3sito de Nine Casino a trav\u00e9s de la aplicaci\u00f3n<\/h2>\n\n<p>Si te gusta Nine Casino, es posible que ya hayas probado los juegos virtuales con tu tel\u00e9fono inteligente. Casi todos los sitios web de apuestas funcionan en aplicaciones m\u00f3viles que est\u00e1n listas para instalarse y brindan la experiencia completa del casino. Nine Casino no tiene una aplicaci\u00f3n nativa, pero el sitio web tambi\u00e9n se puede visitar en dispositivos m\u00f3viles. Nine Casino tiene un sitio web optimizado que hace que los juegos m\u00f3viles sean posibles y m\u00e1s f\u00e1ciles que nunca. Se carga r\u00e1pidamente en cualquier navegador m\u00f3vil e introduce todas las funcionalidades que se encuentran en la versi\u00f3n de escritorio.<\/p>\n\n<p>No hay un c\u00f3digo de bonificaci\u00f3n de Nine Casino separado para la aplicaci\u00f3n m\u00f3vil, pero todas las promociones de casino tambi\u00e9n se pueden encontrar en su cuenta de jugador en el m\u00f3vil.<\/p>\n\n<h2>Conclusi\u00f3n<\/h2>\n\n<p>Como nuevo cliente, obtienes 250 giros gratis y 300 euros en Nine Casino. \u00a1Para eso deben registrarlo con la direcci\u00f3n de correo electr\u00f3nico y obtener el 100% de bonificaci\u00f3n! Los bonos de segundo y tercer dep\u00f3sito tambi\u00e9n son parte de la oferta de bienvenida: 55% y 100%. \u00a1Todo el programa de bonos te mantendr\u00e1 feliz! \u00a1Bono de dinero todos los d\u00edas con giros gratis! \u00a1No te pierdas el bono sin dep\u00f3sito de Nine Casino, sigue todas las noticias y boletines!<\/p>\n\n<h2>Preguntas m\u00e1s frecuentes<\/h2>\n<div id=\"rank-math-faq\" class=\"rank-math-block\">\n<div class=\"rank-math-list \">\n<div id=\"faq-question-1651847128580\" class=\"rank-math-list-item\">\n<h3 class=\"rank-math-question \">\u00bfHay un bono de casino sin dep\u00f3sito?<\/h3>\n<div class=\"rank-math-answer \">\n\n<p>No, Nine Casino actualmente no tiene un c\u00f3digo de bono sin dep\u00f3sito. Pero hay grandes bonos de dep\u00f3sito que tienen como se detalla en este art\u00edculo. Tambi\u00e9n hay un c\u00f3digo de bonificaci\u00f3n.<\/p>\n\n<\/div>\n<\/div>\n<div id=\"faq-question-1651847255005\" class=\"rank-math-list-item\">\n<h3 class=\"rank-math-question \">\u00bfPuedes confiar en el casino?<\/h3>\n<div class=\"rank-math-answer \">\n\n<p>S\u00ed, de hecho. El cifrado SSL y la licencia de juego de Curazao demuestran la seriedad del casino.<\/p>\n\n<\/div>\n<\/div>\n<\/div>\n<\/div>","protected":false},"excerpt":{"rendered":"<p>Beneficios del programa de bonificaci\u00f3n Tres primeros dep\u00f3sitos y c\u00f3digo de promoci\u00f3n Sin embargo, la rica oferta de bonos de Nine Casino y otros casinos deja a muchos jugadores pregunt\u00e1ndose cu\u00e1l de las numerosas ventajas elegir. Los mejores bonos de casino generalmente se pueden encontrar investigando cuidadosamente qu\u00e9 ofrecen los diferentes lugares de juego y, &hellip;<\/p>\n","protected":false},"author":1,"featured_media":0,"parent":0,"menu_order":0,"comment_status":"closed","ping_status":"closed","template":"","meta":[],"amp_enabled":true,"_links":{"self":[{"href":"https:\/\/dogtoys-info.com\/es\/wp-json\/wp\/v2\/pages\/310"}],"collection":[{"href":"https:\/\/dogtoys-info.com\/es\/wp-json\/wp\/v2\/pages"}],"about":[{"href":"https:\/\/dogtoys-info.com\/es\/wp-json\/wp\/v2\/types\/page"}],"author":[{"embeddable":true,"href":"https:\/\/dogtoys-info.com\/es\/wp-json\/wp\/v2\/users\/1"}],"replies":[{"embeddable":true,"href":"https:\/\/dogtoys-info.com\/es\/wp-json\/wp\/v2\/comments?post=310"}],"version-history":[{"count":1,"href":"https:\/\/dogtoys-info.com\/es\/wp-json\/wp\/v2\/pages\/310\/revisions"}],"predecessor-version":[{"id":312,"href":"https:\/\/dogtoys-info.com\/es\/wp-json\/wp\/v2\/pages\/310\/revisions\/312"}],"wp:attachment":[{"href":"https:\/\/dogtoys-info.com\/es\/wp-json\/wp\/v2\/media?parent=310"}],"curies":[{"name":"wp","href":"https:\/\/api.w.org\/{rel}","templated":true}]}}