{"id":441,"date":"2022-10-06T10:37:53","date_gmt":"2022-10-06T08:37:53","guid":{"rendered":"https:\/\/dogtoys-info.com\/informacion-sobre-pagos-y-transacciones-de-nine-casino\/"},"modified":"2022-10-14T13:32:49","modified_gmt":"2022-10-14T11:32:49","slug":"informacion-sobre-pagos-y-transacciones-de-nine-casino","status":"publish","type":"page","link":"https:\/\/dogtoys-info.com\/es\/informacion-sobre-pagos-y-transacciones-de-nine-casino\/","title":{"rendered":"Informaci\u00f3n sobre pagos y transacciones de Nine Casino"},"content":{"rendered":"<div class=\"wp-block-image\">\n<figure class=\"aligncenter size-full is-resized\"><img loading=\"lazy\" src=\"https:\/\/dogtoys-info.com\/wp-content\/uploads\/2022\/10\/login-1.png\" alt=\"nueve inicio de sesi&#xF3;n de casino\" class=\"wp-image-407\" width=\"620\" height=\"495\" srcset=\"https:\/\/dogtoys-info.com\/wp-content\/uploads\/2022\/10\/login-1.png 827w, https:\/\/dogtoys-info.com\/wp-content\/uploads\/2022\/10\/login-1-300x239.png 300w, https:\/\/dogtoys-info.com\/wp-content\/uploads\/2022\/10\/login-1-768x613.png 768w\" sizes=\"(max-width: 620px) 100vw, 620px\" \/><figcaption>nueve inicio de sesi\u00f3n de casino<\/figcaption><\/figure><\/div>\n<p>Los m\u00e9todos de pago son una de las caracter\u00edsticas m\u00e1s importantes de Nine Casino. Hay varios m\u00e9todos de pago disponibles en los casinos en l\u00ednea y en <a href=\"https:\/\/dogtoys-info.com\/es\/\">NineCasino<\/a> , desde transferencias bancarias hasta pagos de prepago y criptomonedas. La elecci\u00f3n de los m\u00e9todos de pago var\u00eda entre los diferentes casinos. Lo que todos estos m\u00e9todos de pago tienen en com\u00fan es que el m\u00e9todo de pago debe estar conectado a la cuenta del propio jugador y no, por ejemplo, a la cuenta de un amigo. As\u00ed es como NineCasino se asegura de que las ganancias siempre vayan a la persona adecuada. En esta gu\u00eda, le presentaremos los diferentes m\u00e9todos de pago del casino y le diremos c\u00f3mo elegir el que m\u00e1s le convenga.<\/p>\n\n<h2>Secci\u00f3n Bancaria Casinos Online: Pagos y Seguridad<\/h2>\n\n<p>Al transferir dinero en l\u00ednea, es bueno ce\u00f1irse a la seguridad de los datos. Por ejemplo, las contrase\u00f1as requeridas deben ser tales que no se puedan adivinar. Se mueve mucho dinero en los casinos en l\u00ednea, por lo que debe tener mucho cuidado. Para poder jugar con seguridad, el casino debe tener una licencia oficial y servicios de pago que se sepa que son seguros. Nine Casino tiene tal licencia de Curazao.<\/p>\n\n<p>Los datos de acceso a la banca en l\u00ednea son buenas opciones para la seguridad de los datos, porque la mayor parte del dinero se transfiere a trav\u00e9s del banco en l\u00ednea. Los jugadores tampoco est\u00e1n obligados a agregar informaci\u00f3n confidencial al casino en l\u00ednea. El nombre de usuario y la contrase\u00f1a no son esenciales cuando se trata de un casino r\u00e1pido. Esto protege en gran medida al jugador, ya que la informaci\u00f3n personal no tiene que difundirse por Internet.<\/p>\n\n<p>Cuando un jugador transfiere dinero, es bueno prestar atenci\u00f3n a la red en la que lo hace. Se recomienda que la transferencia de dinero se realice \u00fanicamente a trav\u00e9s de una red personal. De lo contrario, es posible que alguien m\u00e1s est\u00e9 monitoreando la actividad de la red y capturando informaci\u00f3n confidencial para s\u00ed mismo.<\/p>\n\n<h2>El primer dep\u00f3sito y m\u00e9todos de dep\u00f3sito.<\/h2>\n\n<p>El registro es f\u00e1cil con la direcci\u00f3n de correo electr\u00f3nico. Despu\u00e9s de registrarse, los clientes pueden hacer su primer dep\u00f3sito en el \u00e1rea bancaria y recibir un bono de dep\u00f3sito y giros gratis a cambio. En la cuenta del juego en el sitio, puede encontrar la lista completa de m\u00e9todos de dep\u00f3sito ofrecidos por el proveedor. Hay muchas opciones disponibles: monederos electr\u00f3nicos como Skrill y Neteller, tarjetas de cr\u00e9dito como Visa y Mastercard, Paysafecard y transferencia bancaria.<\/p>\n\n<p>El dep\u00f3sito es muy f\u00e1cil en el perfil personal. para obtener el bono por los primeros dep\u00f3sitos, debe realizar un dep\u00f3sito m\u00ednimo de 20 euros o m\u00e1s. El primer bono es un bono del 100%, lo que significa que puedes duplicar la cantidad por jugar en el casino.<\/p>\n\n<p>Tenga en cuenta: los dep\u00f3sitos de billetera electr\u00f3nica no califican para el bono. Si tiene alguna pregunta sobre el bono, las tragamonedas, los pagos y otras caracter\u00edsticas de la cuenta, puede comunicarse con el servicio de atenci\u00f3n al cliente en LiveChat sin excepci\u00f3n. Los asesores responden muy r\u00e1pido y amablemente.<\/p>\n\n<h2>Experiencias de dep\u00f3sito y retiro<\/h2>\n\n<p>Como dije, los dep\u00f3sitos y retiros son muy f\u00e1ciles y r\u00e1pidos. Los jugadores tienen varios m\u00e9todos disponibles en la lista, puede ver informaci\u00f3n sobre las opciones de dep\u00f3sito en la tabla:<\/p>\n\n<figure class=\"wp-block-table\"><table><tbody><tr><td>opcion de pago<\/td><td>dep\u00f3sito m\u00ednimo<\/td><td>l\u00edmite<\/td><td>duraci\u00f3n<\/td><\/tr><tr><td>Transferencia bancaria<\/td><td>al menos 15\u20ac<\/td><td>4.000\u20ac<\/td><td>instant\u00e1neamente<\/td><\/tr><tr><td>Tarjeta MasterCard<\/td><td>al menos 15\u20ac<\/td><td>800\u20ac<\/td><td>instant\u00e1neamente<\/td><\/tr><tr><td>Visas<\/td><td>al menos 15\u20ac<\/td><td>800\u20ac<\/td><td>instant\u00e1neamente<\/td><\/tr><tr><td>dinero perfecto<\/td><td>al menos 15\u20ac<\/td><td>4.000\u20ac<\/td><td>instant\u00e1neamente<\/td><\/tr><tr><td>chip<\/td><td>al menos 15\u20ac<\/td><td>4.000\u20ac<\/td><td>instant\u00e1neamente<\/td><\/tr><tr><td>eZeeWallet<\/td><td>al menos 15\u20ac<\/td><td>4.000\u20ac<\/td><td>instant\u00e1neamente<\/td><\/tr><tr><td>Criptomonedas (Bitcoin, Ethereum, Litecoin, Ripple)<\/td><td>al menos 15\u20ac<\/td><td>4.000\u20ac<\/td><td>instant\u00e1neamente<\/td><\/tr><\/tbody><\/table><\/figure>\n\n<h2>Nueve pagos de casino en la aplicaci\u00f3n<\/h2>\n<div class=\"wp-block-image\">\n<figure class=\"aligncenter size-full\"><img loading=\"lazy\" width=\"749\" height=\"314\" src=\"https:\/\/dogtoys-info.com\/wp-content\/uploads\/2022\/10\/ninecasino-app.png\" alt=\"el &#xE1;rea bancaria tambi&#xE9;n est&#xE1; disponible en la cuenta m&#xF3;vil\" class=\"wp-image-411\" srcset=\"https:\/\/dogtoys-info.com\/wp-content\/uploads\/2022\/10\/ninecasino-app.png 749w, https:\/\/dogtoys-info.com\/wp-content\/uploads\/2022\/10\/ninecasino-app-300x126.png 300w\" sizes=\"(max-width: 749px) 100vw, 749px\" \/><figcaption>La secci\u00f3n de banca tambi\u00e9n est\u00e1 disponible en la cuenta m\u00f3vil<\/figcaption><\/figure><\/div>\n<p>El \u00e1rea bancaria funciona con la misma facilidad en la aplicaci\u00f3n nativa que en la versi\u00f3n de escritorio. Los jugadores pueden realizar sus dep\u00f3sitos y retiros en la versi\u00f3n m\u00f3vil utilizando cualquier m\u00e9todo y moneda.<\/p>\n\n<p>Tambi\u00e9n puede depositar las primeras cantidades a trav\u00e9s de la aplicaci\u00f3n y obtener un bono de bienvenida. Si un jugador elige este camino, puede disfrutar del bono de dep\u00f3sito del 100% hasta 150 euros y 250 giros gratis. Sus datos, que usted nombra en la aplicaci\u00f3n, est\u00e1n bien protegidos en el casino en l\u00ednea. Todos los juegos y categor\u00edas est\u00e1n disponibles en la aplicaci\u00f3n.<\/p>\n\n<h2>Conclusi\u00f3n sobre el \u00e1rea bancaria y el pago de Nine Casino<\/h2>\n\n<p>Nuestra experiencia al verificar el pago de Nine Casino fue positiva, nos gust\u00f3 todo. Un jugador puede obtener un pago de las ganancias en su cuenta bancaria muy r\u00e1pidamente porque el casino tiene socios confiables en el campo de los pagos. Cada m\u00e9todo es conocido. Con la primera cantidad obtienes un bono del 100% hasta 450 euros y 250 giros gratis. Si necesita ayuda, obtendr\u00e1 respuestas r\u00e1pidas sobre todos los temas en el chat en vivo. Al elegir el m\u00e9todo de pago de Nine Casino, encontrar\u00e1 varias variantes adecuadas. Los jugadores pueden estar seguros para sus datos y retiros en NineCasino. \u00a1Divi\u00e9rtete jugando!<\/p>\n\n<h2>Preguntas m\u00e1s frecuentes<\/h2>\n<div id=\"rank-math-faq\" class=\"rank-math-block\">\n<div class=\"rank-math-list \">\n<div id=\"faq-question-1665044680204\" class=\"rank-math-list-item\">\n<h3 class=\"rank-math-question \">\u00bfQu\u00e9 m\u00e9todos de pago puedo usar en NineCasino?<\/h3>\n<div class=\"rank-math-answer \">\n\n<p>Nine Casino tiene una amplia gama de m\u00e9todos de pago. Los m\u00e9todos pueden ser, por ejemplo, tarjeta de cr\u00e9dito, transferencia bancaria, billetera en l\u00ednea, pago prepago, pago m\u00f3vil y pago con criptomonedas.<\/p>\n\n<\/div>\n<\/div>\n<div id=\"faq-question-1665044690685\" class=\"rank-math-list-item\">\n<h3 class=\"rank-math-question \">\u00bfCu\u00e1l es el mejor m\u00e9todo de pago?<\/h3>\n<div class=\"rank-math-answer \">\n\n<p>Todos los m\u00e9todos tienen sus ventajas y desventajas. Cu\u00e1l es el mejor m\u00e9todo de pago siempre depende de las preferencias del jugador. En Nine Casino puede elegir entre los siguientes m\u00e9todos para los retiros de Nine Casino: Mifinity, Neteller, Visa, Mastercard, Jeton, Astropay, transferencia bancaria, eZeeWallet, Bitcoin.<\/p>\n\n<\/div>\n<\/div>\n<div id=\"faq-question-1665044706800\" class=\"rank-math-list-item\">\n<h3 class=\"rank-math-question \">\u00bfSon seguras todas las opciones de pago en Nine Casino?<\/h3>\n<div class=\"rank-math-answer \">\n\n<p>Todas las principales opciones de pago son seguras siempre que solo las use para pagar en un casino en l\u00ednea seguro que tenga una buena licencia. NineCasino tiene licencia, por lo que puede estar tranquilo con sus transacciones, por lo que el retiro de Nine Casino es un proceso seguro.<\/p>\n\n<\/div>\n<\/div>\n<div id=\"faq-question-1665044723839\" class=\"rank-math-list-item\">\n<h3 class=\"rank-math-question \">\u00bfHay tarifas en NineCasino?<\/h3>\n<div class=\"rank-math-answer \">\n\n<p>Los retiros del casino son gratuitos para los jugadores. Sin embargo, a veces se les cobra una peque\u00f1a tarifa que se puede comprobar en la cuenta bancaria. Por ejemplo, cuando se calcula la moneda.<\/p>\n\n<\/div>\n<\/div>\n<div id=\"faq-question-1665044746599\" class=\"rank-math-list-item\">\n<h3 class=\"rank-math-question \">\u00bfPuedo retirar el dinero usando el mismo m\u00e9todo de pago que us\u00e9 para hacer el dep\u00f3sito?<\/h3>\n<div class=\"rank-math-answer \">\n\n<p>A menudo, el dinero puede y debe devolverse utilizando el mismo m\u00e9todo de pago que utiliz\u00f3 para depositar el dinero. Sin embargo, no todos los m\u00e9todos de pago permiten un retiro y puede elegir un m\u00e9todo de pago diferente en este caso.<\/p>\n\n<\/div>\n<\/div>\n<div id=\"faq-question-1665044762891\" class=\"rank-math-list-item\">\n<h3 class=\"rank-math-question \">\u00bfPuedo depositar tanto dinero como quiera en Nine Casino?<\/h3>\n<div class=\"rank-math-answer \">\n\n<p>Los casinos siempre tienen l\u00edmites m\u00ednimos de dep\u00f3sito. Suele ser de 5 a 20 euros. Tambi\u00e9n existe un l\u00edmite m\u00e1ximo para las cantidades depositadas, que puede variar seg\u00fan el m\u00e9todo de pago y el casino.<\/p>\n\n<\/div>\n<\/div>\n<div id=\"faq-question-1665045153392\" class=\"rank-math-list-item\">\n<h3 class=\"rank-math-question \">\u00bfCu\u00e1nto tiempo pasa antes de que pueda ver los pagos en la cuenta?<\/h3>\n<div class=\"rank-math-answer \">\n\n<p>El dep\u00f3sito del casino es instant\u00e1neo en la cuenta bancaria. A\u00fan as\u00ed, siempre debe verificar los tiempos de dep\u00f3sito solo para estar seguro. A veces hay diferencias entre los m\u00e9todos de pago.<\/p>\n\n<\/div>\n<\/div>\n<div id=\"faq-question-1665045173476\" class=\"rank-math-list-item\">\n<h3 class=\"rank-math-question \">\u00bfCu\u00e1nto tiempo toma el retiro de Nine Casino?<\/h3>\n<div class=\"rank-math-answer \">\n\n<p>Los retiros en Nine Casino pueden realizarse en minutos, pero en otros casinos, los retiros pueden demorar hasta d\u00edas en llegar a su cuenta. Los tiempos de procesamiento de transacciones var\u00edan seg\u00fan el casino y los tiempos de transferencia var\u00edan seg\u00fan el m\u00e9todo de pago.<\/p>\n\n<\/div>\n<\/div>\n<div id=\"faq-question-1665045191606\" class=\"rank-math-list-item\">\n<h3 class=\"rank-math-question \">\u00bfC\u00f3mo puedo resolver problemas con mi retiro?<\/h3>\n<div class=\"rank-math-answer \">\n\n<p>Si tiene alguna pregunta o problema, el servicio al cliente profesional de Nine Casino lo ayudar\u00e1. Los consultores est\u00e1n muy contentos de responder a cualquier pregunta. Hay chat en vivo y soporte por correo electr\u00f3nico: support@ninecasino.com.<\/p>\n\n<\/div>\n<\/div>\n<\/div>\n<\/div>","protected":false},"excerpt":{"rendered":"<p>nueve inicio de sesi\u00f3n de casino Los m\u00e9todos de pago son una de las caracter\u00edsticas m\u00e1s importantes de Nine Casino. Hay varios m\u00e9todos de pago disponibles en los casinos en l\u00ednea y en NineCasino , desde transferencias bancarias hasta pagos de prepago y criptomonedas. La elecci\u00f3n de los m\u00e9todos de pago var\u00eda entre los diferentes &hellip;<\/p>\n","protected":false},"author":1,"featured_media":0,"parent":0,"menu_order":0,"comment_status":"closed","ping_status":"closed","template":"","meta":[],"amp_enabled":true,"_links":{"self":[{"href":"https:\/\/dogtoys-info.com\/es\/wp-json\/wp\/v2\/pages\/441"}],"collection":[{"href":"https:\/\/dogtoys-info.com\/es\/wp-json\/wp\/v2\/pages"}],"about":[{"href":"https:\/\/dogtoys-info.com\/es\/wp-json\/wp\/v2\/types\/page"}],"author":[{"embeddable":true,"href":"https:\/\/dogtoys-info.com\/es\/wp-json\/wp\/v2\/users\/1"}],"replies":[{"embeddable":true,"href":"https:\/\/dogtoys-info.com\/es\/wp-json\/wp\/v2\/comments?post=441"}],"version-history":[{"count":3,"href":"https:\/\/dogtoys-info.com\/es\/wp-json\/wp\/v2\/pages\/441\/revisions"}],"predecessor-version":[{"id":454,"href":"https:\/\/dogtoys-info.com\/es\/wp-json\/wp\/v2\/pages\/441\/revisions\/454"}],"wp:attachment":[{"href":"https:\/\/dogtoys-info.com\/es\/wp-json\/wp\/v2\/media?parent=441"}],"curies":[{"name":"wp","href":"https:\/\/api.w.org\/{rel}","templated":true}]}}