{"id":446,"date":"2022-10-04T13:19:29","date_gmt":"2022-10-04T11:19:29","guid":{"rendered":"https:\/\/dogtoys-info.com\/revision-de-la-aplicacion-nine-casino\/"},"modified":"2022-10-14T13:32:50","modified_gmt":"2022-10-14T11:32:50","slug":"revision-de-la-aplicacion-nine-casino","status":"publish","type":"page","link":"https:\/\/dogtoys-info.com\/es\/revision-de-la-aplicacion-nine-casino\/","title":{"rendered":"Revisi\u00f3n de la aplicaci\u00f3n Nine Casino"},"content":{"rendered":"<div class=\"wp-block-image\">\n<figure class=\"aligncenter size-large is-resized\"><img loading=\"lazy\" src=\"https:\/\/dogtoys-info.com\/wp-content\/uploads\/2022\/10\/nine-casino-anwendung-1024x682.jpg\" alt=\"Aplicaci&#xF3;n NineCasino\" class=\"wp-image-388\" width=\"768\" height=\"512\" srcset=\"https:\/\/dogtoys-info.com\/wp-content\/uploads\/2022\/10\/nine-casino-anwendung-1024x682.jpg 1024w, https:\/\/dogtoys-info.com\/wp-content\/uploads\/2022\/10\/nine-casino-anwendung-300x200.jpg 300w, https:\/\/dogtoys-info.com\/wp-content\/uploads\/2022\/10\/nine-casino-anwendung-768x512.jpg 768w, https:\/\/dogtoys-info.com\/wp-content\/uploads\/2022\/10\/nine-casino-anwendung.jpg 1280w\" sizes=\"(max-width: 768px) 100vw, 768px\" \/><figcaption>Aplicaci\u00f3n NineCasino<\/figcaption><\/figure><\/div>\n<p>Online Casino Nine es un todo verdaderamente completo, e incluso un jugador de casino experimentado no dejar\u00e1 de jugar de inmediato. Se ha puesto mucho esfuerzo en esta selecci\u00f3n, que tambi\u00e9n est\u00e1 disponible a trav\u00e9s de la aplicaci\u00f3n. El sitio de casino en vivo en la versi\u00f3n m\u00f3vil tiene hasta cinco proveedores de juegos diferentes y varias m\u00e1quinas tragamonedas de ellos. Hay oportunidades para el cliente alem\u00e1n que no encontrar\u00e1 de inmediato en ning\u00fan otro lugar. El sitio tambi\u00e9n es f\u00e1cil de usar en dispositivos m\u00f3viles y, mientras juegas, puedes beneficiarte de una variedad de bonos en la aplicaci\u00f3n: para los nuevos jugadores hay al menos un jugoso bono de dep\u00f3sito de 450 \u20ac + 250 giros gratis. Adem\u00e1s, la licencia de juego de MGA garantiza la seguridad del sitio m\u00f3vil y el usuario est\u00e1 en buenas manos en este sitio con profesionales experimentados en la industria de los casinos en l\u00ednea.<\/p>\n\n<p>La sensaci\u00f3n de juego puede surgir en cualquier momento, especialmente si tiene tiempo para moverse y tiene un tel\u00e9fono celular con usted. Entonces es bueno tener un casino m\u00f3vil sobre la marcha que da m\u00e1s sentido a los momentos aburridos. El sitio escala con gracia incluso en una pantalla m\u00e1s peque\u00f1a y no le falta nada en t\u00e9rminos de experiencia. Con una aplicaci\u00f3n, puede disfrutar de las mismas funciones que la versi\u00f3n normal, es decir, puede registrarse, depositar, jugar y retirar dinero. Tampoco necesita una aplicaci\u00f3n para esta lista, tampoco es posible descargar una aplicaci\u00f3n nativa ya que <a href=\"https:\/\/dogtoys-info.com\/es\/\">NineCasino<\/a> no ofrece una aplicaci\u00f3n, solo una aplicaci\u00f3n basada en navegador.<\/p>\n\n<h2>Bonificaci\u00f3n de la aplicaci\u00f3n NineCasino y otros beneficios<\/h2>\n<div class=\"wp-block-image\">\n<figure class=\"aligncenter size-large is-resized\"><img loading=\"lazy\" src=\"https:\/\/dogtoys-info.com\/wp-content\/uploads\/2022\/10\/nine-casino-app-1024x576.jpg\" alt=\"bonificaci&#xF3;n m&#xF3;vil\" class=\"wp-image-392\" width=\"768\" height=\"432\" srcset=\"https:\/\/dogtoys-info.com\/wp-content\/uploads\/2022\/10\/nine-casino-app-1024x576.jpg 1024w, https:\/\/dogtoys-info.com\/wp-content\/uploads\/2022\/10\/nine-casino-app-300x169.jpg 300w, https:\/\/dogtoys-info.com\/wp-content\/uploads\/2022\/10\/nine-casino-app-768x432.jpg 768w, https:\/\/dogtoys-info.com\/wp-content\/uploads\/2022\/10\/nine-casino-app-390x220.jpg 390w, https:\/\/dogtoys-info.com\/wp-content\/uploads\/2022\/10\/nine-casino-app.jpg 1280w\" sizes=\"(max-width: 768px) 100vw, 768px\" \/><figcaption>bonificaci\u00f3n m\u00f3vil<\/figcaption><\/figure><\/div>\n<h3>bono de bienvenida<\/h3>\n\n<p>Las aplicaciones de casino a menudo tienen bonos para ofrecer. El Casino Nine tambi\u00e9n tiene algo as\u00ed. La aplicaci\u00f3n de casino en l\u00ednea ofrece bonos para el casino. Estas funciones tambi\u00e9n est\u00e1n disponibles a trav\u00e9s de la aplicaci\u00f3n. Esto significa que si visita el sitio m\u00f3vil en su tel\u00e9fono m\u00f3vil, puede disfrutar de todos los bonos. Un buen bono de bienvenida espera al nuevo cliente, donde el cliente recibe un bono de dep\u00f3sito durante los primeros tres dep\u00f3sitos. En general, esta oferta es una oferta de bienvenida de \u20ac 450 y 250 giros gratis en el mejor de los casos.<\/p>\n\n<p>El bono de casino en l\u00ednea funciona as\u00ed:<\/p>\n\n<ul><li>Con el primer dep\u00f3sito, el visitante recibe un bono de dep\u00f3sito del 100 por ciento de hasta 150 euros y 250 giros gratis<\/li><li>Con el segundo dep\u00f3sito, el jugador recibe un bono de dep\u00f3sito del 55 por ciento hasta 150 euros<\/li><li>Para el tercer dep\u00f3sito hay un bono de dep\u00f3sito del 100 por ciento hasta 150 euros<\/li><\/ul>\n\n<p>En el mejor de los casos, el jugador tiene la oportunidad de crear una cuenta de juego realmente lujosa a trav\u00e9s de una aplicaci\u00f3n. No hay otro bono por separado para los jugadores en la aplicaci\u00f3n, por ejemplo, para registrarse a trav\u00e9s de la versi\u00f3n m\u00f3vil.<\/p>\n\n<h3>Bonificaci\u00f3n para clientes habituales a trav\u00e9s de la aplicaci\u00f3n<\/h3>\n\n<p>Las funciones, los bonos y los giros gratis para depositar est\u00e1n disponibles para usted en todos los dispositivos. En el programa de bonificaci\u00f3n, el usuario puede elegir una bonificaci\u00f3n adecuada entre las siguientes:<\/p>\n\n<ul><li>Bono de primer dep\u00f3sito<\/li><li>Bono de segundo dep\u00f3sito<\/li><li>Bono de tercer dep\u00f3sito<\/li><li>torneos<\/li><li>Bono deportivo Multi Boost<\/li><li>Bono de reembolso de hasta el 25%<\/li><\/ul>\n\n<h3>Reciclaje y t\u00e9rminos de bonificaci\u00f3n en la aplicaci\u00f3n de casino con dinero real<\/h3>\n\n<p>Para el bono de casino a trav\u00e9s de la aplicaci\u00f3n, un jugador debe depositar al menos 15 euros. No obstante, el importe m\u00e1ximo del bono es de tan solo 150 euros. La buena noticia es que los bonos deben apostarse 40 veces. El bono de bienvenida tiene una ganancia m\u00e1xima de 20 veces la cantidad depositada, y las ganancias deben apostarse 40 veces antes de poder retirarlas.<\/p>\n\n<h2>Casinos App Juega el mejor entretenimiento posible<\/h2>\n\n<p>Las aplicaciones son muy populares en estos d\u00edas. Las personas a las que les gusta usar tel\u00e9fonos inteligentes y tabletas y tambi\u00e9n quieren disfrutar de las tragamonedas en un casino en l\u00ednea pueden usar estos dispositivos para NineCasino. El proveedor NineCasino ofrece navegaci\u00f3n de primer nivel y calidad de juego en todos los dispositivos. En los tel\u00e9fonos inteligentes y las tabletas, obtiene una bonificaci\u00f3n por registrarse y puede hacer que el juego sea a\u00fan m\u00e1s lucrativo.<\/p>\n\n<p>El proveedor no tiene una aplicaci\u00f3n nativa para los dispositivos, por lo que no puede encontrar una aplicaci\u00f3n en el sitio web o en la AppStore. descargar. La aplicaci\u00f3n basada en navegador todav\u00eda est\u00e1 disponible para los clientes. Estas aplicaciones en el navegador se denominan aplicaciones web.<\/p>\n\n<h2>Iniciar sesi\u00f3n a trav\u00e9s de la aplicaci\u00f3n<\/h2>\n<div class=\"wp-block-image\">\n<figure class=\"aligncenter size-full is-resized\"><img loading=\"lazy\" src=\"https:\/\/dogtoys-info.com\/wp-content\/uploads\/2022\/10\/login.png\" alt=\"Registro\" class=\"wp-image-380\" width=\"620\" height=\"495\" srcset=\"https:\/\/dogtoys-info.com\/wp-content\/uploads\/2022\/10\/login.png 827w, https:\/\/dogtoys-info.com\/wp-content\/uploads\/2022\/10\/login-300x239.png 300w, https:\/\/dogtoys-info.com\/wp-content\/uploads\/2022\/10\/login-768x613.png 768w\" sizes=\"(max-width: 620px) 100vw, 620px\" \/><figcaption>Registro<\/figcaption><\/figure><\/div>\n<p>Puede registrarse o iniciar sesi\u00f3n a trav\u00e9s de la aplicaci\u00f3n NineCasino en su tel\u00e9fono m\u00f3vil Android o iOs. Eso es muy f\u00e1cil. En el men\u00fa, busque dos botones Iniciar sesi\u00f3n y Registrarse y haga clic en ellos. El inicio de sesi\u00f3n y el registro se realizan a trav\u00e9s de la aplicaci\u00f3n como en la computadora y tambi\u00e9n son muy r\u00e1pidos. Siga los pasos a continuaci\u00f3n:<\/p>\n\n<ol><li>Elija Iniciar sesi\u00f3n o Registrarse<\/li><li>Haga clic en los botones<\/li><li>Se abre un formulario donde debe ingresar datos personales<\/li><li>En el primer paso, complete la direcci\u00f3n de correo electr\u00f3nico, la contrase\u00f1a<\/li><li>Confirme la direcci\u00f3n de correo electr\u00f3nico a trav\u00e9s del enlace y complete otros datos, siga las instrucciones<\/li><\/ol>\n\n<p>No dude en consultar todas las ofertas en el perfil del dispositivo m\u00f3vil, leer los t\u00e9rminos de bonificaci\u00f3n y elegir la promoci\u00f3n por s\u00ed mismo.<\/p>\n\n<h2>Selecci\u00f3n de juegos en la aplicaci\u00f3n &#8211; tabletas y tel\u00e9fonos inteligentes<\/h2>\n\n<p>Hay mucho para jugar, ya que es tanto el sitio de casino habitual como el sitio de casino en vivo. Por supuesto, hay una amplia selecci\u00f3n de tragamonedas donde puedes encontrar muchos favoritos, como Starburst, Twin Spin y Ramses Book. Pero las otras categor\u00edas de juegos tambi\u00e9n causan una gran impresi\u00f3n. Por ejemplo, hay hasta cinco proveedores de juegos diferentes en el lado del casino en vivo: Betconstruct, Evolution Gaming, NetEnt y Ezugi. El casino en vivo ofrece los mejores y m\u00e1s altos juegos del mercado. <\/p>\n\n<p>Adem\u00e1s, esta diversa y emocionante selecci\u00f3n incluye un sitio de juegos de deportes virtuales, apuestas tanto en vivo como regulares. Los torneos tambi\u00e9n est\u00e1n disponibles.<\/p>\n\n<p>Una ventaja particular de NineCasino es que este sitio web no tiene una aplicaci\u00f3n m\u00f3vil para descargar, pero ofrece una aplicaci\u00f3n basada en navegador. En tales versiones, siempre encontrar\u00e1 todas las funciones que ofrece el propio casino. Es por eso que puede esperar todas las ofertas en la aplicaci\u00f3n Nine Casino.<\/p>\n\n<h2>Experiencias con el sitio web m\u00f3vil y la usabilidad<\/h2>\n<div class=\"wp-block-image\">\n<figure class=\"aligncenter size-large is-resized\"><img loading=\"lazy\" src=\"https:\/\/dogtoys-info.com\/wp-content\/uploads\/2022\/10\/ninecasino-app-1024x682.jpg\" alt=\"Juegos a trav&#xE9;s de tableta\" class=\"wp-image-384\" width=\"768\" height=\"512\" srcset=\"https:\/\/dogtoys-info.com\/wp-content\/uploads\/2022\/10\/ninecasino-app-1024x682.jpg 1024w, https:\/\/dogtoys-info.com\/wp-content\/uploads\/2022\/10\/ninecasino-app-300x200.jpg 300w, https:\/\/dogtoys-info.com\/wp-content\/uploads\/2022\/10\/ninecasino-app-768x512.jpg 768w, https:\/\/dogtoys-info.com\/wp-content\/uploads\/2022\/10\/ninecasino-app.jpg 1280w\" sizes=\"(max-width: 768px) 100vw, 768px\" \/><figcaption>Juegos a trav\u00e9s de tableta<\/figcaption><\/figure><\/div>\n<p>Nine Casino App ofrece a los jugadores un sitio web elegante y oscuro. Se han utilizado detalles en rojo sobre un fondo azul, id\u00f3neos para crear una esencia bastante elegante. El sitio web est\u00e1 implementado en alem\u00e1n de alta calidad, por lo que ciertamente hay un grupo de expertos alemanes detr\u00e1s. En general, el casino es realmente f\u00e1cil de usar en dispositivos m\u00f3viles y toda la informaci\u00f3n relevante para el jugador se puede encontrar con solo tocar un bot\u00f3n. Adem\u00e1s, la atenci\u00f3n se centra en el juego en s\u00ed, bonos y servicios de calidad. As\u00ed que no hay publicidad molesta aqu\u00ed, pero todo est\u00e1 debidamente reservado. Sin embargo, no falta la diversi\u00f3n y el entretenimiento en este lugar. La \u00fanica desventaja es que no toda la informaci\u00f3n, como B. Juego responsable, disponible en ingl\u00e9s.<\/p>\n\n<h2>Informaci\u00f3n de dep\u00f3sito y retiro<\/h2>\n\n<p>Hacer dep\u00f3sitos y retiros es tan f\u00e1cil en la aplicaci\u00f3n como en la versi\u00f3n de escritorio. Los jugadores pueden elegir entre muchos m\u00e9todos de transferencia de dinero populares diferentes. Se utilizan m\u00e9todos de pago conocidos como tarjetas de cr\u00e9dito Visa y Mastercard, billeteras en l\u00ednea, Skrill y Neteller, as\u00ed como Paysafecard, Ecopayz, Neosurf y Muchbetter. Por ejemplo, los retiros se pueden realizar con Visa, Skrill, Neteller y transferencia bancaria. Los retiros a billeteras en l\u00ednea se pueden hacer al instante, pero de lo contrario demoran unos d\u00edas.<\/p>\n\n<h2>Atenci\u00f3n al cliente y chat en vivo m\u00f3vil a trav\u00e9s de la aplicaci\u00f3n<\/h2>\n\n<p>El servicio al cliente se maneja con estilo en este casino. Se encuentra disponible un servicio de atenci\u00f3n al cliente amable y profesional, lo que siempre es una buena noticia para los jugadores alemanes. El servicio de atenci\u00f3n al cliente de habla alemana a\u00fan puede tener algunas limitaciones, pero en cualquier caso el servicio est\u00e1 disponible en todo el pa\u00eds entre las 8 a. m. y las 11 p. m. El jugador puede contactarlos a trav\u00e9s de chat en vivo, correo electr\u00f3nico y tel\u00e9fono.<\/p>\n\n<h2>\u00bfEs el casino una estafa?<\/h2>\n\n<p>Nine Casino y la aplicaci\u00f3n de casino no son una estafa. Tienen una licencia MGA de alta calidad detr\u00e1s de ellos, que desde entonces ha ganado una mejor reputaci\u00f3n. Aunque no hay ganancias libres de impuestos, sigue siendo una licencia completamente confiable y de alta calidad. La MGA Gaming Authority hace un buen trabajo al mantener seguros los casinos en l\u00ednea y, de hecho, es una licencia totalmente segura y de calidad. Visitar el sitio del casino es seguro y confiable.<\/p>\n\n<h2>Resumen de la aplicaci\u00f3n NineCasino<\/h2>\n\n<p>Qui\u00e9n sabe de d\u00f3nde viene el nombre especial NineCasino de este casino. Sin embargo, es un complejo de casino interesante para los jugadores alemanes que definitivamente vale la pena explorar. Habr\u00e1 servicios de calidad, un sitio web f\u00e1cil de usar y una amplia selecci\u00f3n de juegos. Hay muchos beneficios para los jugadores en un sitio elegante respaldado por verdaderos expertos en la industria de los casinos.<\/p>\n\n<p>La aplicaci\u00f3n m\u00f3vil Nine Casino ofrece a los jugadores un excelente casino m\u00f3vil para registrarse con mucho para jugar. Estos son sitios web totalmente receptivos, por lo que el casino funciona en cualquier dispositivo. Los juegos, las transferencias de dinero y el servicio al cliente son f\u00e1ciles de manejar incluso en una pantalla peque\u00f1a. El sitio m\u00f3vil tambi\u00e9n es visualmente atractivo y amigable para el jugador; por ejemplo, el men\u00fa del juego se puede operar de manera particularmente f\u00e1cil desde su propio tel\u00e9fono inteligente. En principio, el jugador tiene todas las mismas propiedades que la entidad de raza pura. Nos gust\u00f3 el sitio web m\u00f3vil y te lo recomendamos.<\/p>\n\n<h2>Preguntas m\u00e1s frecuentes<\/h2>\n<div id=\"rank-math-faq\" class=\"rank-math-block\">\n<div class=\"rank-math-list \">\n<div id=\"faq-question-1664882166755\" class=\"rank-math-list-item\">\n<h3 class=\"rank-math-question \">\u00bfNine Casino tiene una aplicaci\u00f3n m\u00f3vil nativa?<\/h3>\n<div class=\"rank-math-answer \">\n\n<p>No, no hay una aplicaci\u00f3n m\u00f3vil para descargar en tel\u00e9fonos inteligentes. Puede usar la versi\u00f3n de escritorio en su computadora port\u00e1til. La aplicaci\u00f3n m\u00f3vil est\u00e1 disponible en el navegador de su tel\u00e9fono inteligente o tableta. Todos los dispositivos sin excepci\u00f3n admiten la versi\u00f3n m\u00f3vil del casino en l\u00ednea.<\/p>\n\n<\/div>\n<\/div>\n<div id=\"faq-question-1664882190990\" class=\"rank-math-list-item\">\n<h3 class=\"rank-math-question \">\u00bfC\u00f3mo se procesan los pagos de la aplicaci\u00f3n?<\/h3>\n<div class=\"rank-math-answer \">\n\n<p>Nine Casino ofrece a los usuarios una amplia gama de proveedores de m\u00e9todos de pago, todos los cuales puede usar para depositar o retirar desde el sitio m\u00f3vil.<\/p>\n\n<\/div>\n<\/div>\n<div id=\"faq-question-1664882209772\" class=\"rank-math-list-item\">\n<h3 class=\"rank-math-question \">\u00bfA qu\u00e9 juegos pueden jugar los clientes en la aplicaci\u00f3n?<\/h3>\n<div class=\"rank-math-answer \">\n\n<p>En la aplicaci\u00f3n de casino con dinero real encontrar\u00e1s los siguientes juegos: tragamonedas, video p\u00f3quer, baccarat, blackjack, ruleta, juegos en cada categor\u00eda. Todo lo que se ofrece en la versi\u00f3n de escritorio.<\/p>\n\n<\/div>\n<\/div>\n<div id=\"faq-question-1664882229016\" class=\"rank-math-list-item\">\n<h3 class=\"rank-math-question \">\u00bfQu\u00e9 bonificaci\u00f3n puede obtener en el sitio m\u00f3vil?<\/h3>\n<div class=\"rank-math-answer \">\n\n<p>Los usuarios pueden disfrutar de todos los bonos en dispositivos m\u00f3viles y en una versi\u00f3n de escritorio en el navegador. El bono de bienvenida o bono por registro consta de tres bonos de dep\u00f3sito, un total de 450 euros y 250 giros gratis.<\/p>\n\n<\/div>\n<\/div>\n<div id=\"faq-question-1664882251796\" class=\"rank-math-list-item\">\n<h3 class=\"rank-math-question \">\u00bfQu\u00e9 juegos est\u00e1n disponibles para los clientes en la plataforma m\u00f3vil?<\/h3>\n<div class=\"rank-math-answer \">\n\n<p>Todos los juegos en Casino Nine son accesibles en todos los dispositivos. Estos son tragamonedas, juegos de ruleta, blackjack, por lo que Live Casino tambi\u00e9n se puede jugar sin ning\u00fan problema.<\/p>\n\n<\/div>\n<\/div>\n<div id=\"faq-question-1664882275572\" class=\"rank-math-list-item\">\n<h3 class=\"rank-math-question \">\u00bfQu\u00e9 dispositivos son compatibles con la aplicaci\u00f3n m\u00f3vil NineCasino?<\/h3>\n<div class=\"rank-math-answer \">\n\n<p>Si tiene un tel\u00e9fono inteligente o una tableta con Android, tambi\u00e9n puede usar estos dispositivos para los casinos en l\u00ednea. Jugar en el casino en l\u00ednea tambi\u00e9n es posible en Windows Phone.<\/p>\n\n<\/div>\n<\/div>\n<\/div>\n<\/div>","protected":false},"excerpt":{"rendered":"<p>Aplicaci\u00f3n NineCasino Online Casino Nine es un todo verdaderamente completo, e incluso un jugador de casino experimentado no dejar\u00e1 de jugar de inmediato. Se ha puesto mucho esfuerzo en esta selecci\u00f3n, que tambi\u00e9n est\u00e1 disponible a trav\u00e9s de la aplicaci\u00f3n. El sitio de casino en vivo en la versi\u00f3n m\u00f3vil tiene hasta cinco proveedores de &hellip;<\/p>\n","protected":false},"author":1,"featured_media":0,"parent":0,"menu_order":0,"comment_status":"closed","ping_status":"closed","template":"","meta":[],"amp_enabled":true,"_links":{"self":[{"href":"https:\/\/dogtoys-info.com\/es\/wp-json\/wp\/v2\/pages\/446"}],"collection":[{"href":"https:\/\/dogtoys-info.com\/es\/wp-json\/wp\/v2\/pages"}],"about":[{"href":"https:\/\/dogtoys-info.com\/es\/wp-json\/wp\/v2\/types\/page"}],"author":[{"embeddable":true,"href":"https:\/\/dogtoys-info.com\/es\/wp-json\/wp\/v2\/users\/1"}],"replies":[{"embeddable":true,"href":"https:\/\/dogtoys-info.com\/es\/wp-json\/wp\/v2\/comments?post=446"}],"version-history":[{"count":3,"href":"https:\/\/dogtoys-info.com\/es\/wp-json\/wp\/v2\/pages\/446\/revisions"}],"predecessor-version":[{"id":456,"href":"https:\/\/dogtoys-info.com\/es\/wp-json\/wp\/v2\/pages\/446\/revisions\/456"}],"wp:attachment":[{"href":"https:\/\/dogtoys-info.com\/es\/wp-json\/wp\/v2\/media?parent=446"}],"curies":[{"name":"wp","href":"https:\/\/api.w.org\/{rel}","templated":true}]}}