{"id":313,"date":"2022-05-06T09:32:49","date_gmt":"2022-05-06T07:32:49","guid":{"rendered":"https:\/\/dogtoys-info.com\/nine-casino-bonuskod-2022-och-kampanjinformation\/"},"modified":"2022-09-30T10:43:33","modified_gmt":"2022-09-30T08:43:33","slug":"nine-casino-bonuskod-och-kampanjinformation","status":"publish","type":"page","link":"https:\/\/dogtoys-info.com\/sv\/nine-casino-bonuskod-och-kampanjinformation\/","title":{"rendered":"Nine Casino Bonuskod 2022 och kampanjinformation"},"content":{"rendered":"\n<h2>F\u00f6rdelar med bonusprogrammet<\/h2>\n\n<div class=\"wp-block-image\"><figure class=\"aligncenter size-full\"><img loading=\"lazy\" width=\"914\" height=\"384\" src=\"https:\/\/dogtoys-info.com\/wp-content\/uploads\/2022\/05\/nine-casino-bonusprogramm.png\" alt=\"nio casino bonuskod utan ins&#xE4;ttning\" class=\"wp-image-102\" srcset=\"https:\/\/dogtoys-info.com\/wp-content\/uploads\/2022\/05\/nine-casino-bonusprogramm.png 914w, https:\/\/dogtoys-info.com\/wp-content\/uploads\/2022\/05\/nine-casino-bonusprogramm-300x126.png 300w, https:\/\/dogtoys-info.com\/wp-content\/uploads\/2022\/05\/nine-casino-bonusprogramm-768x323.png 768w\" sizes=\"(max-width: 914px) 100vw, 914px\" \/><figcaption>Tre f\u00f6rsta ins\u00e4ttningar och kampanjkod<\/figcaption><\/figure><\/div>\n\n<p>Det rika bonuserbjudandet fr\u00e5n Nine Casino och andra casinon f\u00e5r dock m\u00e5nga spelare att undra vilken av de m\u00e5nga f\u00f6rdelarna att v\u00e4lja. De b\u00e4sta casinobonusarna kan man oftast hitta genom att noggrant unders\u00f6ka vad olika spelst\u00e4llen erbjuder och givetvis \u00f6verv\u00e4ga vad man vill f\u00e5 ut av Casino Bonuses Nio Casinos. Casinot str\u00e4var efter att g\u00f6ra sitt bonusprogram s\u00e5 enkelt som m\u00f6jligt och speciellt v\u00e4lkomstbonusar visas v\u00e4l synligt p\u00e5 varje casino.<\/p>\n\n<p>Det finns m\u00e5nga saker att t\u00e4nka p\u00e5 n\u00e4r man letar efter den b\u00e4sta bonusen som: B. om du letar efter en s\u00e4rskilt stor bonus, om du beh\u00f6ver en specifik bonusform (t.ex. gratissnurr eller Nine Casino Bonus Code No Deposit) och vilka bonusvillkor du \u00e4r villig att f\u00f6lja. De b\u00e4sta casinobonusarna \u00e4r inte alltid de st\u00f6rsta p\u00e5 marknaden, men f\u00f6r vissa spelare \u00e4r de r\u00e4tt val eftersom de har de b\u00e4sta enkla termerna som Nine Casino till exempel. Framf\u00f6r allt \u00e4r det l\u00e4mpligt att ta en titt p\u00e5 avtalsvillkoren innan du l\u00f6ser in bonusen s\u00e5 att du inte blir \u00f6verraskad av inl\u00f6senkrav, \u00f6vre vinstgr\u00e4nser eller andra ot\u00e4cka f\u00f6rh\u00e5llanden.<\/p>\n\n<p>Om id\u00e9n med alla casinobonusar inte har \u00f6ppnats ordentligt eller om du \u00e4nnu inte har hittat din favoritform av bonus rekommenderar vi dig Nine Casino Bonus. Vi har sammanst\u00e4llt all viktig information om NineCasino-bonusen och den h\u00e4r sidan och artikeln ger dig ocks\u00e5 en inblick i v\u00e4rlden av bonusar och andra bonusvillkor p\u00e5 Nine Casino. Letar du efter det b\u00e4sta casinot? Vi vet och har gjort allt f\u00f6r att hj\u00e4lpa dig att hitta de b\u00e4sta garanterade nio casinoins\u00e4ttningsbonusarna (f\u00f6r ins\u00e4ttning)! Med Nine Casino ingen ins\u00e4ttningsbonus kan kunder prova m\u00e5nga saker gratis.<\/p>\n\n<p>Nine Casino drivs av Duxgroup nv och har en spellicens och alla bonusar, kasinoerbjudanden, gratissnurr kommer med regler och villkor. P\u00e5 erbjudandet hittar du s\u00e5dana leverant\u00f6rer som Microgaming, NetEnt, Play&#8217;n go eller Big Time Gaming. Spel \u00e4r tillg\u00e4ngliga efter registrering, ange din e-postadress och namn.<\/p>\n\n<h2>V\u00e4lkomstbonus 450 euro + 250 gratissnurr och nio kasinobonuskoder<\/h2>\n\n<div class=\"wp-block-image\"><figure class=\"aligncenter size-full\"><img loading=\"lazy\" width=\"632\" height=\"361\" src=\"https:\/\/dogtoys-info.com\/wp-content\/uploads\/2022\/05\/nine-casino-no-deposit-bonus-1.png\" alt=\"Nio kasinobonuskoder, gratissnurr och andra kampanjer p&#xE5; kasinospel\" class=\"wp-image-103\" srcset=\"https:\/\/dogtoys-info.com\/wp-content\/uploads\/2022\/05\/nine-casino-no-deposit-bonus-1.png 632w, https:\/\/dogtoys-info.com\/wp-content\/uploads\/2022\/05\/nine-casino-no-deposit-bonus-1-300x171.png 300w\" sizes=\"(max-width: 632px) 100vw, 632px\" \/><figcaption>Nio kasinobonusar, gratissnurr och andra kampanjer p\u00e5 kasinospel<\/figcaption><\/figure><\/div>\n\n<p>V\u00e4lkomsterbjudandet p\u00e5 <a href=\"https:\/\/dogtoys-info.com\/sv\/\">Nine Casino<\/a> \u00e4r en s\u00e4rskilt stor f\u00f6rdel f\u00f6r kunderna eftersom det avsl\u00f6jar gener\u00f6sa g\u00e5vor till de nyregistrerade. \u00c4ven om vissa casinon erbjuder bonusar utan ins\u00e4ttning, \u00e4r dessa oftast inte lukrativa och du kan omedelbart vara ber\u00e4ttigad till den f\u00f6rsta bonusdelen av detta paket hos Nine n\u00e4r du registrerar ditt konto hos onlinecasinot och g\u00f6r din f\u00f6rsta ins\u00e4ttning. Du f\u00e5r 450 euro och 250 gratissnurr f\u00f6r de 3 ins\u00e4ttningarna! NineCasino kampanjkod kr\u00e4vs inte. Beloppet p\u00e5 bonusen motsvarar dina ins\u00e4ttningar. Ut\u00f6ver denna bonus s\u00e5 finns det dock gratis FreeSpins, som sagt 250, dessa f\u00e5r du bara vid f\u00f6rsta ins\u00e4ttningen. Dessa snurr kan endast anv\u00e4ndas p\u00e5 vissa spel p\u00e5 Nine Casino.<\/p>\n\n<p><strong><em>Nine Casino Promo V\u00e4lkomstbonuspaket detaljerat i en \u00f6verblick:<\/em><\/strong><\/p>\n\n<p><strong>Den f\u00f6rsta ins\u00e4ttningen<\/strong> ger upp till 150 euro och ingen ins\u00e4ttning 250 free spins f\u00f6r Nine Casino Top Slots &#8211; Johnny Cash Aztec Magic Aztec Magic Deluxe Platinum Lightning Platinum Lightning Delux av BGaming. NineCasino kampanjkod kr\u00e4vs inte.<\/p>\n\n<p>Detta \u00e4r en 100 % ins\u00e4ttningsbonus f\u00f6r nyligen registrerade anv\u00e4ndare och inte en Nine Casino no deposit bonus. Du f\u00e5r gratissnurr i 5 dagar och 50 av dem varje dag. Du kan \u00e4ven vinna med gratissnurr.<\/p>\n\n<p><strong>Den andra ins\u00e4ttningen<\/strong> ger dig en 55% bonus upp till \u20ac150. Ingen NineCasino-kampanjkod kr\u00e4vs.<\/p>\n\n<p><strong>F\u00f6r den tredje ins\u00e4ttningen<\/strong> ger Nine en 100 % bonus upp till 150 euro. Ingen NineCasino-kampanjkod kr\u00e4vs.<\/p>\n\n<p>Det finns en gr\u00e4ns f\u00f6r vad du kan l\u00e4gga med en aktiv bonus p\u00e5 Nine Casino och det \u00e4r \u20ac5. Ett s\u00e5dant krav g\u00f6r missbruk av bonusen mindre vanligt. Varje casinobonus har bonusvillkor som du definitivt b\u00f6r l\u00e4sa. Det finns alltid ett minimibelopp, p\u00e5 NineCasino \u00e4r det \u20ac20 som du kan s\u00e4tta in f\u00f6r att f\u00e5 den f\u00f6rsta ins\u00e4ttningsbonusen. S\u00e5 fort du oms\u00e4tter bonusen p\u00e5 slots kan du \u00e4ven dra nytta av ett bonuserbjudande och g\u00f6ra ett uttag. V\u00e4lkomstbonusen kan inte oms\u00e4ttas i bordsspel.<\/p>\n\n<p>Villkoren, bonusvillkoren f\u00f6rblir desamma. Den andra och tredje ins\u00e4ttningen du g\u00f6r p\u00e5 Nine Casino matchar \u00e5terigen fullt ut den ins\u00e4ttning du g\u00f6r. 2:a och 3:e betalningen ger inte heller ytterligare gratissnurr som kan anv\u00e4ndas p\u00e5 den specifika sloten. <\/p>\n\n<h2><strong><em>Nio Casino Free Spins och exklusiv bonuskod <\/em><\/strong><\/h2>\n\n<p>Vi har en exklusiv bonuskod f\u00f6r spel p\u00e5 Nine Casino f\u00f6r att du ska f\u00e5 en st\u00f6rre bonus! Du kan g\u00f6ra v\u00e4lkomstbonusen st\u00f6rre med honom! <\/p>\n\n<p>Med v\u00e5r exklusiva NineCasino kampanjkod 2022 <strong>PLAYFORJOY<\/strong> f\u00e5r du 10% av hela bonusen MER!! Skriv in denna bonuskod p\u00e5 den officiella webbplatsen med din 1:a och 2:a ins\u00e4ttningen och f\u00e5 10% matchningsbonus. Bonusen \u00e4r endast giltig om du g\u00f6r en minsta ins\u00e4ttning.<\/p>\n\n<p>Kasinokampanjkod ger dig ingen Nine Casino bonus utan ins\u00e4ttning, alla bonusar som du hittar p\u00e5 onlinekasinopartnersajter \u00e4r ins\u00e4ttningsbonusalternativ. Alla villkor f\u00f6rblir desamma som med v\u00e4lkomstbonusen och du spelar med gratissnurr p\u00e5 samma slots och bordsspel men inte i livecasinot. Listan \u00f6ver spel d\u00e4r gratissnurr inte \u00e4r till\u00e5tna kan hittas av spelare som erbjuds p\u00e5 hemsidan.<\/p>\n\n<p>Denna bonus \u00e4r endast f\u00f6r ins\u00e4ttning och har ett oms\u00e4ttningskrav p\u00e5 40x.<\/p>\n\n<h2>Kampanjer f\u00f6r stamkunder<\/h2>\n\n<div class=\"wp-block-image\"><figure class=\"aligncenter size-full\"><img loading=\"lazy\" width=\"635\" height=\"290\" src=\"https:\/\/dogtoys-info.com\/wp-content\/uploads\/2022\/05\/ninecasino-bonus.png\" alt=\"Nine Casino Bonuskod utan ins&#xE4;ttning\" class=\"wp-image-104\" srcset=\"https:\/\/dogtoys-info.com\/wp-content\/uploads\/2022\/05\/ninecasino-bonus.png 635w, https:\/\/dogtoys-info.com\/wp-content\/uploads\/2022\/05\/ninecasino-bonus-300x137.png 300w\" sizes=\"(max-width: 635px) 100vw, 635px\" \/><figcaption>Nine Casino No Deposit Bonus Code och andra kampanjer<\/figcaption><\/figure><\/div>\n\n<p>N\u00e4r ditt v\u00e4lkomstpaket har g\u00e5tt ut kan du dra nytta av vanliga kundbonuskampanjer som sker dagligen och varje vecka p\u00e5 NineCasino. En av dem \u00e4r <strong>cashbacken<\/strong> varje dag, som ger dig en del av de f\u00f6rlorade pengarna som \u00e5terbetalning. \u00c5terbetalningsbonusen har bonusvillkor som du kan l\u00e4sa p\u00e5 Nine-webbplatsen.<\/p>\n\n<p><strong>Weekend Reload<\/strong> \u00e4r ett annat fantastiskt Nine Casino-bonuserbjudande som g\u00f6r varje slutet av veckan mer sp\u00e4nnande. Du kan f\u00e5 bonusen om du gjort en ny ins\u00e4ttning p\u00e5 minst 20 euro p\u00e5 l\u00f6rdag och s\u00f6ndag, d\u00e5 f\u00e5r du upp till 150 euro. F\u00f6r storspelare har Nine Casino en speciell behandling. Om du s\u00e4tter in ett stort belopp p\u00e5 spelarkontot kan du f\u00e5 en 40% bonus.<\/p>\n\n<p>Om vanliga kunder letar efter en NineCasino no deposit bonuskod och andra koder f\u00f6r free spins kan de leta efter dem p\u00e5 casinots partnersajter. Ingen ins\u00e4ttningsbonus \u00e4r dock en s\u00e4llsynt kampanj.<\/p>\n\n<p><br\/><strong>Det finns ocks\u00e5 turneringar. Drops &amp; Wins<\/strong> &#8211; Kampanjer \u00e4r tillg\u00e4ngliga f\u00f6r slots och f\u00f6r livecasinosektionen. Det finns en speciell veckokampanj som kommer att uppgraderas varje vecka. Det b\u00f6rjar p\u00e5 torsdag kl. 00:01 UTC och slutar p\u00e5 onsdag kl. 23:59 UTC. Det finns en l\u00e4gsta insats som du b\u00f6r placera i turneringen f\u00f6r att delta och vanligtvis f\u00e5r 40 lyckliga g\u00e4ster bonusar i slutet av denna period. Gratissnurren du f\u00e5r h\u00e4r kan anv\u00e4ndas p\u00e5 den popul\u00e4ra sloten Wolf Gold.<\/p>\n\n<h3>Cashback Bonus upp till 20%!<\/h3>\n\n<div class=\"wp-block-image\"><figure class=\"aligncenter size-full\"><img loading=\"lazy\" width=\"457\" height=\"320\" src=\"https:\/\/dogtoys-info.com\/wp-content\/uploads\/2022\/05\/nine-casino-seite-1.png\" alt=\"Nine Casino andra kampanjer\" class=\"wp-image-105\" srcset=\"https:\/\/dogtoys-info.com\/wp-content\/uploads\/2022\/05\/nine-casino-seite-1.png 457w, https:\/\/dogtoys-info.com\/wp-content\/uploads\/2022\/05\/nine-casino-seite-1-300x210.png 300w\" sizes=\"(max-width: 457px) 100vw, 457px\" \/><figcaption>Nine Casino No Deposit Bonus Code och andra kampanjer<\/figcaption><\/figure><\/div>\n\n<p>Ordet &#8221;cashback&#8221; finns \u00f6verallt och inom de mest olika omr\u00e5dena inom handeln. Banker, butiker, internetplattformar erbjuder frestande siffror \u2013 ibland upp till flera tiotals procent \u2013 tillbaka till kundens konto. Cashback (engelska &#8221;Cashback&#8221;) \u00e4r ett ord sammansatt av tv\u00e5 engelska ord: &#8221;Cash&#8221; p\u00e5 tyska betyder &#8221;cash&#8221; (cash), &#8221;back&#8221; betyder &#8221;tillbaka&#8221;, mer exakt &#8211; &#8221;Das Geldback&#8221;. Detta \u00e4r en \u00e5terbetalning av pengarna du spenderade. En s\u00e5dan kampanj \u00e4r redan mycket vanlig p\u00e5 onlinecasinon, och det finns \u00e4ven en s\u00e5dan kampanj hos NineCasino Bonus.<\/p>\n\n<p>\u00c5terbetalningar ges till bes\u00f6kare p\u00e5 NineCasino varje dag. Om du f\u00f6rlorar pengar idag kommer du imorgon att f\u00e5 en garanterad \u00e5terbetalning, summan beror p\u00e5 dig och ditt aktiva spel. Varning: \u00c5terbetalning \u00e4r endast tillg\u00e4nglig n\u00e4r du spelar spelautomater.<\/p>\n\n<p><em>Hur mycket kan du f\u00e5?<\/em><\/p>\n\n<div class=\"wp-block-image\"><figure class=\"aligncenter size-large\"><img loading=\"lazy\" width=\"1024\" height=\"339\" src=\"https:\/\/dogtoys-info.com\/wp-content\/uploads\/2022\/05\/nine-casino-cashback-2-1024x339.png\" alt=\"pengar tillbaka\" class=\"wp-image-107\" srcset=\"https:\/\/dogtoys-info.com\/wp-content\/uploads\/2022\/05\/nine-casino-cashback-2-1024x339.png 1024w, https:\/\/dogtoys-info.com\/wp-content\/uploads\/2022\/05\/nine-casino-cashback-2-300x99.png 300w, https:\/\/dogtoys-info.com\/wp-content\/uploads\/2022\/05\/nine-casino-cashback-2-768x255.png 768w, https:\/\/dogtoys-info.com\/wp-content\/uploads\/2022\/05\/nine-casino-cashback-2.png 1264w\" sizes=\"(max-width: 1024px) 100vw, 1024px\" \/><figcaption>Nine Casino &#8211; Nine Casino<\/figcaption><\/figure><\/div>\n\n<p><strong>10 % cashback<\/strong> 20 euro upp till 199 euro<\/p>\n\n<p><strong>12% :<\/strong> Om du f\u00f6rlorade 200 euro upp till 499 euro<\/p>\n\n<p><strong>14 % :<\/strong> 500 euro upp till 999 euro<\/p>\n\n<p><strong>16 % :<\/strong> 1 000 euro upp till 2 499 euro<\/p>\n\n<p><strong>18 % :<\/strong> 2 500 euro upp till 4 999 euro<\/p>\n\n<p><strong>20 % :<\/strong> 5 000 euro +<\/p>\n\n<p>Om du f\u00f6rlorar mindre \u00e4n 20 euro i spelet idag f\u00e5r du ingen \u00e5terbetalning per dag.<\/p>\n\n<h3>Nio Casino Bonusrecensioner &#8211; finns det ett VIP-program?<\/h3>\n\n<p>Om du aktivt spelar och hoppas p\u00e5 fler kampanjer och kampanjer, kontakta Nine Casinos kundtj\u00e4nst och fr\u00e5ga om du kan g\u00e5 med i VIP-klubben. Det \u00e4r ingen l\u00e4tt chans, men aktiva spelare kan njuta av mer p\u00e5 NineCasino: h\u00f6g cashback, h\u00f6ga uttagsgr\u00e4nser, fler gratissnurr och vanliga bonusar. Bonusar utan en Nine Casino bonuskod fungerar h\u00e4r ocks\u00e5, men du b\u00f6r g\u00f6ra din egen research f\u00f6r att se om du kan h\u00e4mta en bonus just nu.<\/p>\n\n<h3>Weekendreload f\u00f6r befintliga kunder<\/h3>\n\n<p>S\u00e4tt in med mer, vinn mer. S\u00e4tt in minst \u20ac20 och f\u00e5 en bonus <strong>p\u00e5 40% upp till \u20ac150 p\u00e5 helgen!<\/strong><\/p>\n\n<p>F\u00f6r att f\u00e5 Weeked Reload utan Nine Casino Promo Code m\u00e5ste din ins\u00e4ttning vara minst 20 EUR.<\/p>\n\n<p>Den maximala bonusen p\u00e5 helgen \u00e4r 150 EUR bonuskredit. Denna bonus b\u00f6r oms\u00e4ttas 40 g\u00e5nger innan ett uttag \u00e4r m\u00f6jligt.<\/p>\n\n<p>Bonusen \u00e4r tillg\u00e4nglig en g\u00e5ng p\u00e5 fredag, l\u00f6rdag eller s\u00f6ndag f\u00f6r spelare som redan har anv\u00e4nt alla v\u00e4lkomstpaketbonusar.<\/p>\n\n<p>Weekend Reload \u00e4r ocks\u00e5 tillg\u00e4ngligt utan en Nine Casino bonuskod.<\/p>\n\n<h2>High Roller Bonus upp till 500 euro!<\/h2>\n\n<p>Bonusen f\u00f6r storspelare \u00e4r en 40% bonus upp till \u20ac500! F\u00f6r att f\u00e5 High Roller-bonusen m\u00e5ste din ins\u00e4ttning vara minst 300 EUR.<\/p>\n\n<p>Det maximala bonusbeloppet f\u00f6r storspelare \u00e4r 500 EUR.<\/p>\n\n<p>Highroller-bonusen m\u00e5ste oms\u00e4ttas 40x och bonusen \u00e4r tillg\u00e4nglig var 30:e dag f\u00f6r spelare som redan har anv\u00e4nt alla kampanjer i v\u00e4lkomstpaketet.<\/p>\n\n<h2>Mobilspel och Nine Casino ingen ins\u00e4ttningsbonus via app<\/h2>\n\n<p>Om du gillar Nine Casino har du kanske redan testat virtuellt spel med din smartphone. N\u00e4stan alla spelwebbplatser fungerar p\u00e5 mobilappar som \u00e4r redo att installeras och ger hela casinoupplevelsen. Nine Casino har ingen inbyggd app, men hemsidan kan \u00e4ven bes\u00f6kas i mobilen. Nine Casino har en optimerad webbplats som g\u00f6r mobilspel m\u00f6jligt och enklare \u00e4n n\u00e5gonsin. Den laddas snabbt p\u00e5 vilken mobil webbl\u00e4sare som helst och introducerar alla funktioner som finns i skrivbordsversionen.<\/p>\n\n<p>Det finns ingen separat Nine Casino bonuskod f\u00f6r mobilapp, men alla casinokampanjer finns \u00e4ven p\u00e5 ditt spelarkonto p\u00e5 mobilen.<\/p>\n\n<h2>Slutsats<\/h2>\n\n<p>Som ny kund f\u00e5r du 250 free spins och 300 euro p\u00e5 Nine Casino. F\u00f6r det borde de registrera dig med e-postadressen och f\u00e5 100% bonus! Den andra och tredje ins\u00e4ttningsbonusen \u00e4r ocks\u00e5 en del av v\u00e4lkomsterbjudandet &#8211; 55% och 100%. Hela bonusprogrammet kommer att g\u00f6ra dig glad! Bonuspengar varje dag med free spins! Missa inte Nine Casino bonus utan ins\u00e4ttning, f\u00f6lj alla nyheter och nyhetsbrev!<\/p>\n\n<h2>FAQ<\/h2>\n<div id=\"rank-math-faq\" class=\"rank-math-block\">\n<div class=\"rank-math-list \">\n<div id=\"faq-question-1651847128580\" class=\"rank-math-list-item\">\n<h3 class=\"rank-math-question \">Finns det en casinobonus utan ins\u00e4ttning?<\/h3>\n<div class=\"rank-math-answer \">\n\n<p>Nej, Nine Casino har f\u00f6r n\u00e4rvarande ingen bonuskod utan ins\u00e4ttning. Men det finns bra ins\u00e4ttningsbonusar som har som beskrivs i denna artikel. Det finns \u00e4ven en bonuskod.<\/p>\n\n<\/div>\n<\/div>\n<div id=\"faq-question-1651847255005\" class=\"rank-math-list-item\">\n<h3 class=\"rank-math-question \">Kan du lita p\u00e5 kasinot?<\/h3>\n<div class=\"rank-math-answer \">\n\n<p>Ja verkligen. SSL-kryptering och spellicens fr\u00e5n Curacao visar casinots allvar.<\/p>\n\n<\/div>\n<\/div>\n<\/div>\n<\/div>","protected":false},"excerpt":{"rendered":"<p>F\u00f6rdelar med bonusprogrammet Tre f\u00f6rsta ins\u00e4ttningar och kampanjkod Det rika bonuserbjudandet fr\u00e5n Nine Casino och andra casinon f\u00e5r dock m\u00e5nga spelare att undra vilken av de m\u00e5nga f\u00f6rdelarna att v\u00e4lja. De b\u00e4sta casinobonusarna kan man oftast hitta genom att noggrant unders\u00f6ka vad olika spelst\u00e4llen erbjuder och givetvis \u00f6verv\u00e4ga vad man vill f\u00e5 ut av Casino &hellip;<\/p>\n","protected":false},"author":1,"featured_media":0,"parent":0,"menu_order":0,"comment_status":"closed","ping_status":"closed","template":"","meta":[],"amp_enabled":true,"_links":{"self":[{"href":"https:\/\/dogtoys-info.com\/sv\/wp-json\/wp\/v2\/pages\/313"}],"collection":[{"href":"https:\/\/dogtoys-info.com\/sv\/wp-json\/wp\/v2\/pages"}],"about":[{"href":"https:\/\/dogtoys-info.com\/sv\/wp-json\/wp\/v2\/types\/page"}],"author":[{"embeddable":true,"href":"https:\/\/dogtoys-info.com\/sv\/wp-json\/wp\/v2\/users\/1"}],"replies":[{"embeddable":true,"href":"https:\/\/dogtoys-info.com\/sv\/wp-json\/wp\/v2\/comments?post=313"}],"version-history":[{"count":1,"href":"https:\/\/dogtoys-info.com\/sv\/wp-json\/wp\/v2\/pages\/313\/revisions"}],"predecessor-version":[{"id":315,"href":"https:\/\/dogtoys-info.com\/sv\/wp-json\/wp\/v2\/pages\/313\/revisions\/315"}],"wp:attachment":[{"href":"https:\/\/dogtoys-info.com\/sv\/wp-json\/wp\/v2\/media?parent=313"}],"curies":[{"name":"wp","href":"https:\/\/api.w.org\/{rel}","templated":true}]}}